





{"id":1401,"date":"2025-06-25T18:24:54","date_gmt":"2025-06-25T18:24:54","guid":{"rendered":"https:\/\/universidadiuac.edu.mx\/?page_id=1401"},"modified":"2025-06-25T18:36:29","modified_gmt":"2025-06-25T18:36:29","slug":"termino-y-condiciones","status":"publish","type":"page","link":"https:\/\/universidadiuac.edu.mx\/?page_id=1401","title":{"rendered":"Termino y Condiciones"},"content":{"rendered":"<p>[fusion_builder_container type=\u00bbflex\u00bb hundred_percent=\u00bbno\u00bb hundred_percent_height=\u00bbno\u00bb hundred_percent_height_scroll=\u00bbno\u00bb align_content=\u00bbstretch\u00bb flex_align_items=\u00bbflex-start\u00bb flex_justify_content=\u00bbflex-start\u00bb flex_wrap=\u00bbwrap\u00bb hundred_percent_height_center_content=\u00bbyes\u00bb equal_height_columns=\u00bbno\u00bb container_tag=\u00bbdiv\u00bb hide_on_mobile=\u00bbsmall-visibility,medium-visibility,large-visibility\u00bb status=\u00bbpublished\u00bb border_style=\u00bbsolid\u00bb box_shadow=\u00bbno\u00bb box_shadow_blur=\u00bb0&#8243; box_shadow_spread=\u00bb0&#8243; gradient_start_position=\u00bb0&#8243; gradient_end_position=\u00bb100&#8243; gradient_type=\u00bblinear\u00bb radial_direction=\u00bbcenter center\u00bb linear_angle=\u00bb180&#8243; background_position=\u00bbcenter center\u00bb background_repeat=\u00bbno-repeat\u00bb fade=\u00bbno\u00bb background_parallax=\u00bbnone\u00bb enable_mobile=\u00bbno\u00bb parallax_speed=\u00bb0.3&#8243; background_blend_mode=\u00bbnone\u00bb background_slider_skip_lazy_loading=\u00bbno\u00bb background_slider_loop=\u00bbyes\u00bb background_slider_pause_on_hover=\u00bbno\u00bb background_slider_slideshow_speed=\u00bb5000&#8243; background_slider_animation=\u00bbfade\u00bb background_slider_direction=\u00bbup\u00bb background_slider_animation_speed=\u00bb800&#8243; video_aspect_ratio=\u00bb16:9&#8243; video_loop=\u00bbyes\u00bb video_mute=\u00bbyes\u00bb pattern_bg=\u00bbnone\u00bb pattern_bg_style=\u00bbdefault\u00bb pattern_bg_opacity=\u00bb100&#8243; pattern_bg_blend_mode=\u00bbnormal\u00bb mask_bg=\u00bbnone\u00bb mask_bg_style=\u00bbdefault\u00bb mask_bg_opacity=\u00bb100&#8243; mask_bg_transform=\u00bbleft\u00bb mask_bg_blend_mode=\u00bbnormal\u00bb absolute=\u00bboff\u00bb absolute_devices=\u00bbsmall,medium,large\u00bb sticky=\u00bboff\u00bb sticky_devices=\u00bbsmall-visibility,medium-visibility,large-visibility\u00bb sticky_transition_offset=\u00bb0&#8243; scroll_offset=\u00bb0&#8243; animation_direction=\u00bbleft\u00bb animation_speed=\u00bb0.3&#8243; animation_delay=\u00bb0&#8243; filter_hue=\u00bb0&#8243; filter_saturation=\u00bb100&#8243; filter_brightness=\u00bb100&#8243; filter_contrast=\u00bb100&#8243; filter_invert=\u00bb0&#8243; filter_sepia=\u00bb0&#8243; filter_opacity=\u00bb100&#8243; filter_blur=\u00bb0&#8243; filter_hue_hover=\u00bb0&#8243; filter_saturation_hover=\u00bb100&#8243; filter_brightness_hover=\u00bb100&#8243; filter_contrast_hover=\u00bb100&#8243; filter_invert_hover=\u00bb0&#8243; filter_sepia_hover=\u00bb0&#8243; filter_opacity_hover=\u00bb100&#8243; filter_blur_hover=\u00bb0&#8243;][fusion_builder_row][fusion_builder_column type=\u00bb1_1&#8243; type=\u00bb1_1&#8243; align_self=\u00bbauto\u00bb content_layout=\u00bbcolumn\u00bb align_content=\u00bbflex-start\u00bb valign_content=\u00bbflex-start\u00bb content_wrap=\u00bbwrap\u00bb center_content=\u00bbno\u00bb column_tag=\u00bbdiv\u00bb target=\u00bb_self\u00bb hide_on_mobile=\u00bbsmall-visibility,medium-visibility,large-visibility\u00bb sticky_display=\u00bbnormal,sticky\u00bb order_medium=\u00bb0&#8243; order_small=\u00bb0&#8243; hover_type=\u00bbnone\u00bb border_style=\u00bbsolid\u00bb box_shadow=\u00bbno\u00bb box_shadow_blur=\u00bb0&#8243; box_shadow_spread=\u00bb0&#8243; background_type=\u00bbsingle\u00bb gradient_start_position=\u00bb0&#8243; gradient_end_position=\u00bb100&#8243; gradient_type=\u00bblinear\u00bb radial_direction=\u00bbcenter center\u00bb linear_angle=\u00bb180&#8243; lazy_load=\u00bbavada\u00bb background_position=\u00bbleft top\u00bb background_repeat=\u00bbno-repeat\u00bb background_blend_mode=\u00bbnone\u00bb background_slider_skip_lazy_loading=\u00bbno\u00bb background_slider_loop=\u00bbyes\u00bb background_slider_pause_on_hover=\u00bbno\u00bb background_slider_slideshow_speed=\u00bb5000&#8243; background_slider_animation=\u00bbfade\u00bb background_slider_direction=\u00bbup\u00bb background_slider_animation_speed=\u00bb800&#8243; sticky=\u00bboff\u00bb sticky_devices=\u00bbsmall-visibility,medium-visibility,large-visibility\u00bb absolute=\u00bboff\u00bb filter_type=\u00bbregular\u00bb filter_hover_element=\u00bbself\u00bb filter_hue=\u00bb0&#8243; filter_saturation=\u00bb100&#8243; filter_brightness=\u00bb100&#8243; filter_contrast=\u00bb100&#8243; filter_invert=\u00bb0&#8243; filter_sepia=\u00bb0&#8243; filter_opacity=\u00bb100&#8243; filter_blur=\u00bb0&#8243; filter_hue_hover=\u00bb0&#8243; filter_saturation_hover=\u00bb100&#8243; filter_brightness_hover=\u00bb100&#8243; filter_contrast_hover=\u00bb100&#8243; filter_invert_hover=\u00bb0&#8243; filter_sepia_hover=\u00bb0&#8243; filter_opacity_hover=\u00bb100&#8243; filter_blur_hover=\u00bb0&#8243; transform_type=\u00bbregular\u00bb transform_hover_element=\u00bbself\u00bb transform_scale_x=\u00bb1&#8243; transform_scale_y=\u00bb1&#8243; transform_translate_x=\u00bb0&#8243; transform_translate_y=\u00bb0&#8243; transform_rotate=\u00bb0&#8243; transform_skew_x=\u00bb0&#8243; transform_skew_y=\u00bb0&#8243; transform_scale_x_hover=\u00bb1&#8243; transform_scale_y_hover=\u00bb1&#8243; transform_translate_x_hover=\u00bb0&#8243; transform_translate_y_hover=\u00bb0&#8243; transform_rotate_hover=\u00bb0&#8243; transform_skew_x_hover=\u00bb0&#8243; transform_skew_y_hover=\u00bb0&#8243; transition_duration=\u00bb300&#8243; transition_easing=\u00bbease\u00bb scroll_motion_devices=\u00bbsmall-visibility,medium-visibility,large-visibility\u00bb animation_direction=\u00bbleft\u00bb animation_speed=\u00bb0.3&#8243; animation_delay=\u00bb0&#8243; last=\u00bbno\u00bb border_position=\u00bball\u00bb min_height=\u00bb\u00bb link=\u00bb\u00bb][fusion_title title_type=\u00bbtext\u00bb marquee_direction=\u00bbleft\u00bb marquee_speed=\u00bb15000&#8243; rotation_effect=\u00bbbounceIn\u00bb display_time=\u00bb1200&#8243; highlight_effect=\u00bbcircle\u00bb loop_animation=\u00bboff\u00bb highlight_width=\u00bb9&#8243; highlight_top_margin=\u00bb0&#8243; title_link=\u00bboff\u00bb link_target=\u00bb_self\u00bb content_align=\u00bbleft\u00bb size=\u00bb1&#8243; text_shadow=\u00bbno\u00bb text_shadow_blur=\u00bb0&#8243; text_stroke=\u00bbno\u00bb text_stroke_size=\u00bb1&#8243; text_overflow=\u00bbnone\u00bb gradient_font=\u00bbno\u00bb gradient_start_position=\u00bb0&#8243; gradient_end_position=\u00bb100&#8243; gradient_type=\u00bblinear\u00bb radial_direction=\u00bbcenter center\u00bb linear_angle=\u00bb180&#8243; style_type=\u00bbdefault\u00bb animation_direction=\u00bbleft\u00bb animation_speed=\u00bb0.3&#8243; animation_delay=\u00bb0&#8243; hide_on_mobile=\u00bbsmall-visibility,medium-visibility,large-visibility\u00bb sticky_display=\u00bbnormal,sticky\u00bb font_size=\u00bb38&#8243;]<\/p>\n<h1 class=\"fusion-title-heading title-heading-center fusion-responsive-typography-calculated\" style=\"text-align: center;\">T\u00c9RMINOS Y CONDICIONES DE USO Y SERVICIO<br \/>\nUNIVERSIDAD DE LAS AM\u00c9RICAS Y EL CARIBE<\/h1>\n<p>[\/fusion_title][fusion_text animation_direction=\u00bbleft\u00bb animation_speed=\u00bb0.3&#8243; animation_delay=\u00bb0&#8243; hide_on_mobile=\u00bbsmall-visibility,medium-visibility,large-visibility\u00bb sticky_display=\u00bbnormal,sticky\u00bb]<\/p>\n<p style=\"text-align: justify;\">La Universidad IUAC de M\u00e9xico (en adelante \u00abla Universidad\u00bb) establece los siguientes t\u00e9rminos y condiciones que regulan el acceso, permanencia y uso de sus servicios educativos.<\/p>\n<h4 class=\"\" style=\"text-align: justify;\" data-fontsize=\"26\" data-lineheight=\"36.4px\"><strong>1. Aceptaci\u00f3n de T\u00e9rminos<\/strong><\/h4>\n<p style=\"text-align: justify;\">El estudiante, al inscribirse y utilizar los servicios de la Universidad, acepta estos t\u00e9rminos y condiciones en su totalidad. Si no est\u00e1 de acuerdo con alguno de los t\u00e9rminos, deber\u00e1 abstenerse de utilizar los servicios ofrecidos.<\/p>\n<h4 class=\"\" style=\"text-align: justify;\" data-fontsize=\"26\" data-lineheight=\"36.4px\"><strong>2. Servicios Educativos<\/strong><\/h4>\n<p style=\"text-align: justify;\">La Universidad ofrece programas de educaci\u00f3n media superior, superior y posgrados, en modalidad mixta, que combina actividades en l\u00ednea con sesiones presenciales o virtuales sincr\u00f3nicas, seg\u00fan lo establecido en cada programa acad\u00e9mico. Todos los programas est\u00e1n regulados por la normatividad educativa vigente en M\u00e9xico y reconocidos por las autoridades correspondientes.<\/p>\n<h4 class=\"\" style=\"text-align: justify;\" data-fontsize=\"26\" data-lineheight=\"36.4px\"><strong>3. Modalidad de Estudios<\/strong><\/h4>\n<p style=\"text-align: justify;\">El modelo educativo mixto est\u00e1 dise\u00f1ado para atender a estudiantes dentro y fuera del estado de Colima, permitiendo el desarrollo acad\u00e9mico mediante el uso de plataformas tecnol\u00f3gicas, actividades aut\u00f3nomas y eventos presenciales acad\u00e9micos obligatorios que se programan con anticipaci\u00f3n. El estudiante deber\u00e1 contar con los medios tecnol\u00f3gicos necesarios para participar activamente en este modelo. La Universidad no se responsabiliza por restricciones t\u00e9cnicas, de conectividad o legales que pudieran existir en el pa\u00eds o regi\u00f3n del estudiante.<\/p>\n<h4 class=\"\" style=\"text-align: justify;\" data-fontsize=\"26\" data-lineheight=\"36.4px\"><strong>4. Obligaciones del Estudiante<\/strong><\/h4>\n<p style=\"text-align: justify;\">El estudiante se compromete a:<\/p>\n<ul style=\"text-align: justify;\">\n<li>Cumplir con las normativas institucionales, reglamentos escolares y calendarios acad\u00e9micos.<\/li>\n<li>Respetar los medios de comunicaci\u00f3n oficiales y plataformas tecnol\u00f3gicas designadas por la Universidad.<\/li>\n<li>Mantener actualizada su informaci\u00f3n personal y de contacto.<\/li>\n<li>Realizar los pagos correspondientes en tiempo y forma.<\/li>\n<\/ul>\n<h4 class=\"\" style=\"text-align: justify;\" data-fontsize=\"26\" data-lineheight=\"36.4px\"><strong>5. Pagos y Reembolsos<\/strong><\/h4>\n<p style=\"text-align: justify;\">Los costos de inscripci\u00f3n, colegiaturas y servicios complementarios se detallan en la plataforma institucional y pueden variar seg\u00fan el programa. No habr\u00e1 reembolsos salvo en casos de error administrativo atribuible a la Universidad, debidamente comprobado.<\/p>\n<h4 class=\"\" style=\"text-align: justify;\" data-fontsize=\"26\" data-lineheight=\"36.4px\"><strong>6. Uso de Plataformas Tecnol\u00f3gicas<\/strong><\/h4>\n<p style=\"text-align: justify;\">El acceso a las plataformas educativas implica una licencia de uso individual, no transferible, limitada al tiempo de duraci\u00f3n del curso o programa. El uso indebido o fraudulento de estas plataformas dar\u00e1 lugar a la suspensi\u00f3n temporal o definitiva del acceso.<\/p>\n<h4 class=\"\" style=\"text-align: justify;\" data-fontsize=\"26\" data-lineheight=\"36.4px\"><strong>7. Env\u00edo y Devoluci\u00f3n de Documentaci\u00f3n<\/strong><\/h4>\n<p style=\"text-align: justify;\">Toda documentaci\u00f3n f\u00edsica solicitada por la Universidad deber\u00e1 ser enviada o entregada directamente en la sede oficial ubicada en:<\/p>\n<p style=\"text-align: justify;\"><strong>Nigromante #82, Colonia Centro, C.P. 28000, Colima, Colima, M\u00e9xico<\/strong>,<br \/>en un horario de atenci\u00f3n de <strong>lunes a viernes de 8:30 AM a 6:30 PM<\/strong>.<\/p>\n<p style=\"text-align: justify;\">La devoluci\u00f3n de documentos originales podr\u00e1 realizarse mediante las siguientes modalidades:<\/p>\n<ul style=\"text-align: justify;\">\n<li>Entrega personal durante eventos acad\u00e9micos de titulaci\u00f3n organizados por la Universidad.<\/li>\n<li>Asistencia con cita previa a la sede institucional.<\/li>\n<li>Env\u00edo por paqueter\u00eda al domicilio del estudiante, con <strong>costo a cargo del solicitante<\/strong>.<\/li>\n<\/ul>\n<h4 class=\"\" style=\"text-align: justify;\" data-fontsize=\"26\" data-lineheight=\"36.4px\"><strong>8. Propiedad Intelectual<\/strong><\/h4>\n<p style=\"text-align: justify;\">Todo el contenido, materiales did\u00e1cticos, software y documentaci\u00f3n distribuida por la Universidad est\u00e1 protegido por derechos de autor y propiedad intelectual. Su uso sin autorizaci\u00f3n est\u00e1 estrictamente prohibido.<\/p>\n<h4 class=\"\" style=\"text-align: justify;\" data-fontsize=\"26\" data-lineheight=\"36.4px\"><strong>9. Jurisdicci\u00f3n y Legislaci\u00f3n Aplicable<\/strong><\/h4>\n<p style=\"text-align: justify;\">Estos t\u00e9rminos se rigen por las leyes mexicanas. Cualquier controversia se someter\u00e1 a los tribunales competentes del Estado de Colima, M\u00e9xico, renunciando a cualquier otro fuero que pudiera corresponder por raz\u00f3n de domicilio presente o futuro.<\/p>\n<h4 class=\"\" style=\"text-align: justify;\" data-fontsize=\"26\" data-lineheight=\"36.4px\"><strong>10. Modificaciones<\/strong><\/h4>\n<p style=\"text-align: justify;\">La Universidad se reserva el derecho de modificar estos t\u00e9rminos y condiciones en cualquier momento. Las modificaciones ser\u00e1n publicadas en el sitio web oficial y entrar\u00e1n en vigor al momento de su publicaci\u00f3n.<\/p>\n<h4 class=\"\" style=\"text-align: justify;\" data-fontsize=\"26\" data-lineheight=\"36.4px\"><strong>11. Contacto<\/strong><\/h4>\n<p style=\"text-align: justify;\">Para cualquier duda, aclaraci\u00f3n o solicitud relacionada con estos t\u00e9rminos, puede dirigirse a:<\/p>\n<p style=\"text-align: justify;\"><strong>Universidad de las Am\u00e9ricas y el Caribe<br \/><\/strong>Direcci\u00f3n: Nigromante #82, Col. Centro, C.P. 28000, Colima, Colima, M\u00e9xico<br \/>Correo electr\u00f3nico: contacto@unac.edu.mx<br \/>Tel\u00e9fono: 312 323 4245<\/p>\n<h4 class=\"\" style=\"text-align: justify;\" data-fontsize=\"26\" data-lineheight=\"36.4px\"><strong>12. Solicitudes de Facturaci\u00f3n<\/strong><\/h4>\n<p style=\"text-align: justify;\">Las solicitudes de facturaci\u00f3n por pagos realizados deber\u00e1n enviarse al correo electr\u00f3nico <strong>finanzas@universidadiuac.edu.mx<\/strong>, adjuntando el comprobante de pago correspondiente y los datos fiscales completos. Las facturas solo podr\u00e1n ser emitidas dentro del mes fiscal en el que se haya realizado el pago.<\/p>\n<h4 class=\"\" style=\"text-align: justify;\" data-fontsize=\"26\" data-lineheight=\"36.4px\"><strong>13. Promociones, Ofertas y Lanzamientos Comerciales<\/strong><\/h4>\n<p style=\"text-align: justify;\">En cualquier momento, la Universidad de las Am\u00e9ricas y el Caribe podr\u00e1 lanzar promociones, descuentos, beneficios especiales o campa\u00f1as comerciales dirigidas a aspirantes, estudiantes actuales, egresados, docentes u otros p\u00fablicos relacionados. Estas promociones estar\u00e1n sujetas a condiciones y restricciones particulares, las cuales ser\u00e1n especificadas en cada caso y publicadas en el sitio web oficial de la Universidad. La participaci\u00f3n en dichas promociones implicar\u00e1 la aceptaci\u00f3n de los t\u00e9rminos espec\u00edficos que rijan cada campa\u00f1a.<\/p>\n<h4 class=\"\" style=\"text-align: justify;\" data-fontsize=\"26\" data-lineheight=\"36.4px\"><strong>14. Responsabilidad Acad\u00e9mica del Estudiante<\/strong><\/h4>\n<p style=\"text-align: center;\">El estudiante reconoce y declara ser el \u00fanico responsable de su formaci\u00f3n acad\u00e9mica dentro de la Universidad. Se compromete a realizar personalmente todas las actividades acad\u00e9micas, tareas, evaluaciones y dem\u00e1s obligaciones escolares a trav\u00e9s de la plataforma institucional, as\u00ed como a cumplir con los criterios de honestidad y \u00e9tica acad\u00e9mica establecidos.<\/p>\n<p style=\"text-align: justify;\">Asimismo, el estudiante se compromete a no compartir, divulgar o permitir el uso de sus credenciales de acceso a la plataforma educativa por parte de terceros, bajo ninguna circunstancia. El uso indebido o compartido de accesos ser\u00e1 considerado una falta grave que podr\u00e1 derivar en sanciones administrativas, incluyendo la suspensi\u00f3n temporal o definitiva del servicio educativo.<\/p>\n<p>[\/fusion_text][\/fusion_builder_column][\/fusion_builder_row][\/fusion_builder_container]<\/p>\n","protected":false},"excerpt":{"rendered":"<p>[fusion_builder_container type=\u00bbflex\u00bb hundred_percent=\u00bbno\u00bb hundred_percent_height=\u00bbno\u00bb hundred_percent_height_scroll=\u00bbno\u00bb align_content=\u00bbstretch\u00bb flex_align_items=\u00bbflex-start\u00bb flex_justify_content=\u00bbflex-start\u00bb flex_wrap=\u00bbwrap\u00bb hundred_percent_height_center_content=\u00bbyes\u00bb equal_height_columns=\u00bbno\u00bb container_tag=\u00bbdiv\u00bb hide_on_mobile=\u00bbsmall-visibility,medium-visibility,large-visibility\u00bb status=\u00bbpublished\u00bb border_style=\u00bbsolid\u00bb box_shadow=\u00bbno\u00bb box_shadow_blur=\u00bb0&#8243; box_shadow_spread=\u00bb0&#8243; gradient_start_position=\u00bb0&#8243; gradient_end_position=\u00bb100&#8243; gradient_type=\u00bblinear\u00bb radial_direction=\u00bbcenter center\u00bb linear_angle=\u00bb180&#8243; background_position=\u00bbcenter center\u00bb background_repeat=\u00bbno-repeat\u00bb fade=\u00bbno\u00bb background_parallax=\u00bbnone\u00bb enable_mobile=\u00bbno\u00bb parallax_speed=\u00bb0.3&#8243; background_blend_mode=\u00bbnone\u00bb background_slider_skip_lazy_loading=\u00bbno\u00bb background_slider_loop=\u00bbyes\u00bb background_slider_pause_on_hover=\u00bbno\u00bb background_slider_slideshow_speed=\u00bb5000&#8243; background_slider_animation=\u00bbfade\u00bb background_slider_direction=\u00bbup\u00bb background_slider_animation_speed=\u00bb800&#8243; video_aspect_ratio=\u00bb16:9&#8243; video_loop=\u00bbyes\u00bb video_mute=\u00bbyes\u00bb pattern_bg=\u00bbnone\u00bb pattern_bg_style=\u00bbdefault\u00bb pattern_bg_opacity=\u00bb100&#8243; pattern_bg_blend_mode=\u00bbnormal\u00bb mask_bg=\u00bbnone\u00bb mask_bg_style=\u00bbdefault\u00bb mask_bg_opacity=\u00bb100&#8243; mask_bg_transform=\u00bbleft\u00bb mask_bg_blend_mode=\u00bbnormal\u00bb absolute=\u00bboff\u00bb absolute_devices=\u00bbsmall,medium,large\u00bb sticky=\u00bboff\u00bb sticky_devices=\u00bbsmall-visibility,medium-visibility,large-visibility\u00bb [&hellip;]<\/p>\n","protected":false},"author":1,"featured_media":0,"parent":0,"menu_order":0,"comment_status":"closed","ping_status":"closed","template":"","meta":{"footnotes":""},"class_list":["post-1401","page","type-page","status-publish","hentry"],"_links":{"self":[{"href":"https:\/\/universidadiuac.edu.mx\/index.php?rest_route=\/wp\/v2\/pages\/1401","targetHints":{"allow":["GET"]}}],"collection":[{"href":"https:\/\/universidadiuac.edu.mx\/index.php?rest_route=\/wp\/v2\/pages"}],"about":[{"href":"https:\/\/universidadiuac.edu.mx\/index.php?rest_route=\/wp\/v2\/types\/page"}],"author":[{"embeddable":true,"href":"https:\/\/universidadiuac.edu.mx\/index.php?rest_route=\/wp\/v2\/users\/1"}],"replies":[{"embeddable":true,"href":"https:\/\/universidadiuac.edu.mx\/index.php?rest_route=%2Fwp%2Fv2%2Fcomments&post=1401"}],"version-history":[{"count":3,"href":"https:\/\/universidadiuac.edu.mx\/index.php?rest_route=\/wp\/v2\/pages\/1401\/revisions"}],"predecessor-version":[{"id":1405,"href":"https:\/\/universidadiuac.edu.mx\/index.php?rest_route=\/wp\/v2\/pages\/1401\/revisions\/1405"}],"wp:attachment":[{"href":"https:\/\/universidadiuac.edu.mx\/index.php?rest_route=%2Fwp%2Fv2%2Fmedia&parent=1401"}],"curies":[{"name":"wp","href":"https:\/\/api.w.org\/{rel}","templated":true}]}}