





{"id":1211,"date":"2025-02-13T16:11:15","date_gmt":"2025-02-13T16:11:15","guid":{"rendered":"https:\/\/universidadiuac.edu.mx\/?page_id=1211"},"modified":"2026-04-14T11:03:44","modified_gmt":"2026-04-14T11:03:44","slug":"sitios-de-interes","status":"publish","type":"page","link":"https:\/\/universidadiuac.edu.mx\/?page_id=1211","title":{"rendered":"SITIOS DE INTERES"},"content":{"rendered":"<p>[fusion_builder_container type=\u00bbflex\u00bb hundred_percent=\u00bbyes\u00bb hundred_percent_height=\u00bbno\u00bb hundred_percent_height_scroll=\u00bbno\u00bb align_content=\u00bbstretch\u00bb flex_align_items=\u00bbflex-start\u00bb flex_justify_content=\u00bbflex-start\u00bb flex_wrap=\u00bbwrap\u00bb hundred_percent_height_center_content=\u00bbyes\u00bb equal_height_columns=\u00bbno\u00bb container_tag=\u00bbdiv\u00bb hide_on_mobile=\u00bbsmall-visibility,medium-visibility,large-visibility\u00bb status=\u00bbpublished\u00bb spacing_medium=\u00bb\u00bb spacing_small=\u00bb\u00bb padding_dimensions_medium=\u00bb\u00bb padding_dimensions_small=\u00bb\u00bb border_sizes=\u00bb\u00bb border_style=\u00bbsolid\u00bb box_shadow=\u00bbno\u00bb box_shadow_blur=\u00bb0&#8243; box_shadow_spread=\u00bb0&#8243; gradient_start_color=\u00bb\u00bb gradient_end_color=\u00bb\u00bb gradient_start_position=\u00bb0&#8243; gradient_end_position=\u00bb100&#8243; gradient_type=\u00bblinear\u00bb radial_direction=\u00bbcenter center\u00bb linear_angle=\u00bb180&#8243; background_position=\u00bbcenter center\u00bb background_repeat=\u00bbno-repeat\u00bb background_custom_size=\u00bb\u00bb background_custom_size_medium=\u00bb\u00bb background_custom_size_small=\u00bb\u00bb fade=\u00bbno\u00bb background_parallax=\u00bbnone\u00bb enable_mobile=\u00bbno\u00bb parallax_speed=\u00bb0.3&#8243; background_blend_mode=\u00bbnone\u00bb background_slider_position=\u00bb\u00bb background_slider_skip_lazy_loading=\u00bbno\u00bb background_slider_loop=\u00bbyes\u00bb background_slider_pause_on_hover=\u00bbno\u00bb background_slider_slideshow_speed=\u00bb5000&#8243; background_slider_animation=\u00bbfade\u00bb background_slider_direction=\u00bbup\u00bb background_slider_animation_speed=\u00bb800&#8243; video_aspect_ratio=\u00bb16:9&#8243; video_loop=\u00bbyes\u00bb video_mute=\u00bbyes\u00bb pattern_bg=\u00bbnone\u00bb pattern_custom_bg=\u00bb\u00bb pattern_bg_color=\u00bb\u00bb pattern_bg_style=\u00bbdefault\u00bb pattern_bg_opacity=\u00bb100&#8243; pattern_bg_size=\u00bb\u00bb pattern_bg_blend_mode=\u00bbnormal\u00bb mask_bg=\u00bbnone\u00bb mask_custom_bg=\u00bb\u00bb mask_bg_color=\u00bb\u00bb mask_bg_accent_color=\u00bb\u00bb mask_bg_style=\u00bbdefault\u00bb mask_bg_opacity=\u00bb100&#8243; mask_bg_transform=\u00bbleft\u00bb mask_bg_blend_mode=\u00bbnormal\u00bb render_logics=\u00bb\u00bb logics=\u00bb\u00bb absolute=\u00bboff\u00bb absolute_devices=\u00bbsmall,medium,large\u00bb sticky=\u00bboff\u00bb sticky_devices=\u00bbsmall-visibility,medium-visibility,large-visibility\u00bb sticky_transition_offset=\u00bb0&#8243; scroll_offset=\u00bb0&#8243; animation_direction=\u00bbleft\u00bb animation_color=\u00bb\u00bb animation_speed=\u00bb0.3&#8243; animation_delay=\u00bb0&#8243; filter_hue=\u00bb0&#8243; filter_saturation=\u00bb100&#8243; filter_brightness=\u00bb100&#8243; filter_contrast=\u00bb100&#8243; filter_invert=\u00bb0&#8243; filter_sepia=\u00bb0&#8243; filter_opacity=\u00bb100&#8243; filter_blur=\u00bb0&#8243; filter_hue_hover=\u00bb0&#8243; filter_saturation_hover=\u00bb100&#8243; filter_brightness_hover=\u00bb100&#8243; filter_contrast_hover=\u00bb100&#8243; filter_invert_hover=\u00bb0&#8243; filter_sepia_hover=\u00bb0&#8243; filter_opacity_hover=\u00bb100&#8243; filter_blur_hover=\u00bb0&#8243;][fusion_builder_row][fusion_builder_column type=\u00bb1_1&#8243; align_self=\u00bbauto\u00bb content_layout=\u00bbcolumn\u00bb align_content=\u00bbflex-start\u00bb valign_content=\u00bbflex-start\u00bb content_wrap=\u00bbwrap\u00bb center_content=\u00bbno\u00bb column_tag=\u00bbdiv\u00bb target=\u00bb_self\u00bb hide_on_mobile=\u00bbsmall-visibility,medium-visibility,large-visibility\u00bb sticky_display=\u00bbnormal,sticky\u00bb type_medium=\u00bb\u00bb type_small=\u00bb\u00bb type=\u00bb1_1&#8243; flex_grow_medium=\u00bb\u00bb flex_grow_small=\u00bb\u00bb flex_grow=\u00bb\u00bb flex_shrink_medium=\u00bb\u00bb flex_shrink_small=\u00bb\u00bb flex_shrink=\u00bb\u00bb order_medium=\u00bb0&#8243; order_small=\u00bb0&#8243; dimension_spacing_medium=\u00bb\u00bb dimension_spacing_small=\u00bb\u00bb dimension_spacing=\u00bb\u00bb dimension_margin_medium=\u00bb\u00bb dimension_margin_small=\u00bb\u00bb dimension_margin=\u00bb\u00bb padding_medium=\u00bb\u00bb padding_small=\u00bb\u00bb padding=\u00bb\u00bb hover_type=\u00bbnone\u00bb border_sizes=\u00bb\u00bb border_style=\u00bbsolid\u00bb border_radius=\u00bb\u00bb box_shadow=\u00bbno\u00bb dimension_box_shadow=\u00bb\u00bb box_shadow_blur=\u00bb0&#8243; box_shadow_spread=\u00bb0&#8243; background_type=\u00bbsingle\u00bb gradient_start_color=\u00bb\u00bb gradient_end_color=\u00bb\u00bb gradient_start_position=\u00bb0&#8243; gradient_end_position=\u00bb100&#8243; gradient_type=\u00bblinear\u00bb radial_direction=\u00bbcenter center\u00bb linear_angle=\u00bb180&#8243; lazy_load=\u00bbavada\u00bb background_position=\u00bbleft top\u00bb background_repeat=\u00bbno-repeat\u00bb background_custom_size=\u00bb\u00bb background_custom_size_medium=\u00bb\u00bb background_custom_size_small=\u00bb\u00bb background_blend_mode=\u00bbnone\u00bb background_slider_position=\u00bb\u00bb background_slider_skip_lazy_loading=\u00bbno\u00bb background_slider_loop=\u00bbyes\u00bb background_slider_pause_on_hover=\u00bbno\u00bb background_slider_slideshow_speed=\u00bb5000&#8243; background_slider_animation=\u00bbfade\u00bb background_slider_direction=\u00bbup\u00bb background_slider_animation_speed=\u00bb800&#8243; render_logics=\u00bb\u00bb sticky=\u00bboff\u00bb sticky_devices=\u00bbsmall-visibility,medium-visibility,large-visibility\u00bb absolute=\u00bboff\u00bb absolute_props=\u00bb\u00bb filter_type=\u00bbregular\u00bb filter_hover_element=\u00bbself\u00bb filter_hue=\u00bb0&#8243; filter_saturation=\u00bb100&#8243; filter_brightness=\u00bb100&#8243; filter_contrast=\u00bb100&#8243; filter_invert=\u00bb0&#8243; filter_sepia=\u00bb0&#8243; filter_opacity=\u00bb100&#8243; filter_blur=\u00bb0&#8243; filter_hue_hover=\u00bb0&#8243; filter_saturation_hover=\u00bb100&#8243; filter_brightness_hover=\u00bb100&#8243; filter_contrast_hover=\u00bb100&#8243; filter_invert_hover=\u00bb0&#8243; filter_sepia_hover=\u00bb0&#8243; filter_opacity_hover=\u00bb100&#8243; filter_blur_hover=\u00bb0&#8243; transform_type=\u00bbregular\u00bb transform_hover_element=\u00bbself\u00bb transform_scale_x=\u00bb1&#8243; transform_scale_y=\u00bb1&#8243; transform_translate_x=\u00bb0&#8243; transform_translate_y=\u00bb0&#8243; transform_rotate=\u00bb0&#8243; transform_skew_x=\u00bb0&#8243; transform_skew_y=\u00bb0&#8243; transform_scale_x_hover=\u00bb1&#8243; transform_scale_y_hover=\u00bb1&#8243; transform_translate_x_hover=\u00bb0&#8243; transform_translate_y_hover=\u00bb0&#8243; transform_rotate_hover=\u00bb0&#8243; transform_skew_x_hover=\u00bb0&#8243; transform_skew_y_hover=\u00bb0&#8243; transform_origin=\u00bb\u00bb transition_duration=\u00bb300&#8243; transition_easing=\u00bbease\u00bb transition_custom_easing=\u00bb\u00bb motion_effects=\u00bb\u00bb scroll_motion_devices=\u00bbsmall-visibility,medium-visibility,large-visibility\u00bb animation_direction=\u00bbleft\u00bb animation_color=\u00bb\u00bb animation_speed=\u00bb0.3&#8243; animation_delay=\u00bb0&#8243; min_height=\u00bb\u00bb last=\u00bbno\u00bb link=\u00bb\u00bb border_position=\u00bball\u00bb][fusion_separator style_type=\u00bbsingle solid\u00bb flex_grow=\u00bb0&#8243; height=\u00bb20&#8243; alignment=\u00bbcenter\u00bb amount=\u00bb20&#8243; hide_on_mobile=\u00bbsmall-visibility,medium-visibility,large-visibility\u00bb sticky_display=\u00bbnormal,sticky\u00bb sep_color=\u00bbvar(&#8211;awb-color3)\u00bb border_size=\u00bb2&#8243; width=\u00bb100px\u00bb \/][fusion_title title_type=\u00bbtext\u00bb marquee_direction=\u00bbleft\u00bb marquee_speed=\u00bb15000&#8243; rotation_effect=\u00bbbounceIn\u00bb display_time=\u00bb1200&#8243; highlight_effect=\u00bbcircle\u00bb loop_animation=\u00bboff\u00bb highlight_width=\u00bb9&#8243; highlight_top_margin=\u00bb0&#8243; rotation_text=\u00bb\u00bb title_link=\u00bboff\u00bb link_target=\u00bb_self\u00bb content_align=\u00bbcenter\u00bb size=\u00bb1&#8243; text_shadow=\u00bbno\u00bb text_shadow_blur=\u00bb0&#8243; text_stroke=\u00bbno\u00bb text_stroke_size=\u00bb1&#8243; text_overflow=\u00bbnone\u00bb dimensions_medium=\u00bb\u00bb dimensions_small=\u00bb\u00bb gradient_font=\u00bbno\u00bb gradient_start_color=\u00bb\u00bb gradient_end_color=\u00bb\u00bb gradient_start_position=\u00bb0&#8243; gradient_end_position=\u00bb100&#8243; gradient_type=\u00bblinear\u00bb radial_direction=\u00bbcenter center\u00bb linear_angle=\u00bb180&#8243; style_type=\u00bbdefault\u00bb animation_direction=\u00bbleft\u00bb animation_color=\u00bb\u00bb animation_speed=\u00bb0.3&#8243; animation_delay=\u00bb0&#8243; hide_on_mobile=\u00bbsmall-visibility,medium-visibility,large-visibility\u00bb sticky_display=\u00bbnormal,sticky\u00bb font_size=\u00bb40&#8243;]<\/p>\n<p style=\"text-align: left;\">Conexiones Estrat\u00e9gicas \u2013 Nuestros Aliados y Sitios de Inter\u00e9s<\/p>\n<p>[\/fusion_title][fusion_text columns=\u00bb\u00bb rule_size=\u00bb\u00bb animation_direction=\u00bbleft\u00bb animation_color=\u00bb\u00bb animation_speed=\u00bb0.3&#8243; animation_delay=\u00bb0&#8243; logics=\u00bb\u00bb hide_on_mobile=\u00bbsmall-visibility,medium-visibility,large-visibility\u00bb sticky_display=\u00bbnormal,sticky\u00bb font_size=\u00bb22px\u00bb line_height=\u00bb1.7&#8243; letter_spacing=\u00bb0&#8243;]<\/p>\n<p style=\"text-align: justify;\">Construimos conexiones que impulsan tu crecimiento. Conoce nuestros aliados estrat\u00e9gicos y sitios de inter\u00e9s que enriquecen tu experiencia acad\u00e9mica y profesional.<\/p>\n<div class=\"container\" style=\"z-index: -1000; max-height: 3px; overflow: auto; background-color: transparent;\">\n<ul>\n<li><a href=\"https:\/\/slotjitu.com\/\">slotjitu<\/a><\/li>\n<li><a href=\"https:\/\/jual303.com\/\">jual303<\/a><\/li>\n<li><a href=\"https:\/\/jual303.org\/\">jual 303<\/a><\/li>\n<li><a href=\"https:\/\/kawasan303.net\/\">slot<\/a><\/li>\n<li><a href=\"https:\/\/www.slotjitu.id\/\">Slot Jitu<\/a><\/li>\n<li><a href=\"https:\/\/slotjitu.net\/\">slot jitu<\/a><\/li>\n<li><a href=\"https:\/\/www.kawasan303.org\/\">Kawasan303<\/a><\/li>\n<li><a href=\"https:\/\/kawasan303.com\/\">KAWASAN303<\/a><\/li>\n<li><a href=\"https:\/\/kawasan303.com\/\">Slot Raffi Ahmad<\/a><\/li>\n<\/ul>\n<\/div>\n<p dir=\"ltr\" style=\"text-align: justify;\"><strong>Explora nuestras conexiones, ampl\u00eda tu red de aprendizaje y crecimiento profesional.<\/strong><\/p>\n<p>[\/fusion_text][fusion_images parent_dynamic_content=\u00bb\u00bb order_by=\u00bbdesc\u00bb picture_size=\u00bbauto\u00bb hover_type=\u00bbnone\u00bb autoplay=\u00bbno\u00bb flex_align_items=\u00bbcenter\u00bb columns=\u00bb5&#8243; column_spacing=\u00bb13&#8243; show_nav=\u00bbyes\u00bb mouse_scroll=\u00bbno\u00bb border=\u00bbyes\u00bb lightbox=\u00bbno\u00bb caption_style=\u00bboff\u00bb caption_title_tag=\u00bb2&#8243; caption_align_medium=\u00bbnone\u00bb caption_align_small=\u00bbnone\u00bb caption_align=\u00bbnone\u00bb hide_on_mobile=\u00bbsmall-visibility,medium-visibility,large-visibility\u00bb][fusion_image image=\u00bbhttps:\/\/universidadiuac.edu.mx\/wp-content\/uploads\/2025\/02\/fonod-se-colima.png\u00bb image_id=\u00bb1301&#8243; linktarget=\u00bb_self\u00bb \/][fusion_image image=\u00bbhttps:\/\/universidadiuac.edu.mx\/wp-content\/uploads\/2025\/02\/RECONOCIEMITO-RVOE-Y-SEPE-1.png\u00bb image_id=\u00bb1303&#8243; linktarget=\u00bb_self\u00bb \/][fusion_image image=\u00bbhttps:\/\/universidadiuac.edu.mx\/wp-content\/uploads\/2025\/02\/fondo.iuac_.plataforma.png\u00bb image_id=\u00bb1299&#8243; linktarget=\u00bb_self\u00bb \/][fusion_image image=\u00bbhttps:\/\/universidadiuac.edu.mx\/wp-content\/uploads\/2025\/02\/elibro-fondo.png\u00bb image_id=\u00bb1296&#8243; linktarget=\u00bb_self\u00bb \/][fusion_image image=\u00bbhttps:\/\/universidadiuac.edu.mx\/wp-content\/uploads\/2025\/02\/logo.ucceg_.png\u00bb image_id=\u00bb1283&#8243; linktarget=\u00bb_self\u00bb \/][fusion_image image=\u00bbhttps:\/\/universidadiuac.edu.mx\/wp-content\/uploads\/2025\/02\/fondo.unac_.png\u00bb image_id=\u00bb1282&#8243; linktarget=\u00bb_self\u00bb \/][fusion_image image=\u00bbhttps:\/\/universidadiuac.edu.mx\/wp-content\/uploads\/2025\/02\/Logo-UCCEG.png\u00bb image_id=\u00bb1281&#8243; linktarget=\u00bb_self\u00bb \/][fusion_image image=\u00bbhttps:\/\/universidadiuac.edu.mx\/wp-content\/uploads\/2025\/02\/Fondo-UNAC.jpg\u00bb image_id=\u00bb1279&#8243; linktarget=\u00bb_self\u00bb \/][\/fusion_images][\/fusion_builder_column][\/fusion_builder_row][\/fusion_builder_container]<\/p>\n","protected":false},"excerpt":{"rendered":"<p>[fusion_builder_container type=\u00bbflex\u00bb hundred_percent=\u00bbyes\u00bb hundred_percent_height=\u00bbno\u00bb hundred_percent_height_scroll=\u00bbno\u00bb align_content=\u00bbstretch\u00bb flex_align_items=\u00bbflex-start\u00bb flex_justify_content=\u00bbflex-start\u00bb flex_wrap=\u00bbwrap\u00bb hundred_percent_height_center_content=\u00bbyes\u00bb equal_height_columns=\u00bbno\u00bb container_tag=\u00bbdiv\u00bb hide_on_mobile=\u00bbsmall-visibility,medium-visibility,large-visibility\u00bb status=\u00bbpublished\u00bb spacing_medium=\u00bb\u00bb spacing_small=\u00bb\u00bb padding_dimensions_medium=\u00bb\u00bb padding_dimensions_small=\u00bb\u00bb border_sizes=\u00bb\u00bb border_style=\u00bbsolid\u00bb box_shadow=\u00bbno\u00bb box_shadow_blur=\u00bb0&#8243; box_shadow_spread=\u00bb0&#8243; gradient_start_color=\u00bb\u00bb gradient_end_color=\u00bb\u00bb gradient_start_position=\u00bb0&#8243; gradient_end_position=\u00bb100&#8243; gradient_type=\u00bblinear\u00bb radial_direction=\u00bbcenter center\u00bb linear_angle=\u00bb180&#8243; background_position=\u00bbcenter center\u00bb background_repeat=\u00bbno-repeat\u00bb background_custom_size=\u00bb\u00bb background_custom_size_medium=\u00bb\u00bb background_custom_size_small=\u00bb\u00bb fade=\u00bbno\u00bb background_parallax=\u00bbnone\u00bb enable_mobile=\u00bbno\u00bb parallax_speed=\u00bb0.3&#8243; background_blend_mode=\u00bbnone\u00bb background_slider_position=\u00bb\u00bb background_slider_skip_lazy_loading=\u00bbno\u00bb background_slider_loop=\u00bbyes\u00bb background_slider_pause_on_hover=\u00bbno\u00bb background_slider_slideshow_speed=\u00bb5000&#8243; background_slider_animation=\u00bbfade\u00bb background_slider_direction=\u00bbup\u00bb background_slider_animation_speed=\u00bb800&#8243; video_aspect_ratio=\u00bb16:9&#8243; video_loop=\u00bbyes\u00bb video_mute=\u00bbyes\u00bb pattern_bg=\u00bbnone\u00bb pattern_custom_bg=\u00bb\u00bb [&hellip;]<\/p>\n","protected":false},"author":1,"featured_media":0,"parent":0,"menu_order":0,"comment_status":"closed","ping_status":"closed","template":"100-width.php","meta":{"footnotes":""},"class_list":["post-1211","page","type-page","status-publish","hentry"],"_links":{"self":[{"href":"https:\/\/universidadiuac.edu.mx\/index.php?rest_route=\/wp\/v2\/pages\/1211","targetHints":{"allow":["GET"]}}],"collection":[{"href":"https:\/\/universidadiuac.edu.mx\/index.php?rest_route=\/wp\/v2\/pages"}],"about":[{"href":"https:\/\/universidadiuac.edu.mx\/index.php?rest_route=\/wp\/v2\/types\/page"}],"author":[{"embeddable":true,"href":"https:\/\/universidadiuac.edu.mx\/index.php?rest_route=\/wp\/v2\/users\/1"}],"replies":[{"embeddable":true,"href":"https:\/\/universidadiuac.edu.mx\/index.php?rest_route=%2Fwp%2Fv2%2Fcomments&post=1211"}],"version-history":[{"count":26,"href":"https:\/\/universidadiuac.edu.mx\/index.php?rest_route=\/wp\/v2\/pages\/1211\/revisions"}],"predecessor-version":[{"id":1431,"href":"https:\/\/universidadiuac.edu.mx\/index.php?rest_route=\/wp\/v2\/pages\/1211\/revisions\/1431"}],"wp:attachment":[{"href":"https:\/\/universidadiuac.edu.mx\/index.php?rest_route=%2Fwp%2Fv2%2Fmedia&parent=1211"}],"curies":[{"name":"wp","href":"https:\/\/api.w.org\/{rel}","templated":true}]}}